{"id":516,"date":"2021-12-14T16:27:15","date_gmt":"2021-12-14T19:27:15","guid":{"rendered":"https:\/\/compliance.intercement.com\/?page_id=516"},"modified":"2021-12-14T17:30:34","modified_gmt":"2021-12-14T20:30:34","slug":"acessibilidade","status":"publish","type":"page","link":"https:\/\/www.compliance.intercement.com\/es\/acessibilidade\/","title":{"rendered":"Accesibilidad"},"content":{"rendered":"<p>Este portal sigue las principales recomendaciones de accesibilidad de la WCAG (Web Content Accessibility Guidelines).<\/p>\n<p>El t\u00e9rmino accesibilidad significa incluir a personas con discapacidades en la participaci\u00f3n de actividades como el uso de productos, servicios e informaci\u00f3n.<\/p>\n<p>En la parte superior del portal hay una barra de accesibilidad con atajos de navegaci\u00f3n estandarizados y la opci\u00f3n de alterar el contraste. Estas herramientas est\u00e1n disponibles en todas las p\u00e1ginas del portal.<\/p>\n<h3 class=\"text-uppercase text-red como-usar__titulo text-light\">C\u00d3MO USAR:<\/h3>\n<p class=\"text-default acessibilidade__descricao\">Para aumentar la fuente, simplemente hac\u00e9 clic en el s\u00edmbolo A + en nuestra barra de accesibilidad. Si dese\u00e1s volver al tama\u00f1o de fuente original, hac\u00e9 clic en A-. Si fuera necesario, tambi\u00e9n pod\u00e9s usar el zoom nativo de tu navegador presionando las teclas \u00abCtrl +\u00bb para aumentar todo el sitio y \u00abCtrl -\u00bb para disminuir la imagen. Para volver a la forma est\u00e1ndar, presion\u00e1 \u00abCtrl 0\u00bb.<\/p>\n<h3 class=\"text-bold text-default acessibilidade__titulo\">NAVEGACI\u00d3N POR TABULACI\u00d3N<\/h3>\n<p class=\"text-default acessibilidade__descricao\">Us\u00e1 la tecla Tab para navegar por los elementos que reciben la acci\u00f3n del usuario en el sitio, como links (enlaces), botones, campos de formularios y otros en el orden en que se presentan en la p\u00e1gina, y Shift + Tab para regresar. Us\u00e1 las flechas de direcci\u00f3n para acceder a la informaci\u00f3n textual.<\/p>\n","protected":false},"excerpt":{"rendered":"<p>Este portal sigue las principales recomendaciones de accesibilidad de la WCAG (Web Content Accessibility Guidelines). El t\u00e9rmino accesibilidad significa incluir a personas con discapacidades en la participaci\u00f3n de actividades como el uso de productos, servicios e informaci\u00f3n. En la parte superior del portal hay una barra de accesibilidad con atajos de navegaci\u00f3n estandarizados y la [&hellip;]<\/p>\n","protected":false},"author":5,"featured_media":0,"parent":0,"menu_order":0,"comment_status":"closed","ping_status":"closed","template":"","meta":{"footnotes":""},"class_list":["post-516","page","type-page","status-publish","hentry"],"acf":[],"yoast_head":"<!-- This site is optimized with the Yoast SEO plugin v17.8 - https:\/\/yoast.com\/wordpress\/plugins\/seo\/ -->\n<title>Accesibilidad - Intercement Integridade e Compliance<\/title>\n<meta name=\"robots\" content=\"index, follow, max-snippet:-1, max-image-preview:large, max-video-preview:-1\" \/>\n<link rel=\"canonical\" href=\"https:\/\/www.compliance.intercement.com\/es\/acessibilidade\/\" \/>\n<meta property=\"og:locale\" content=\"es_ES\" \/>\n<meta property=\"og:type\" content=\"article\" \/>\n<meta property=\"og:title\" content=\"Accesibilidad - Intercement Integridade e Compliance\" \/>\n<meta property=\"og:description\" content=\"Este portal sigue las principales recomendaciones de accesibilidad de la WCAG (Web Content Accessibility Guidelines). El t\u00e9rmino accesibilidad significa incluir a personas con discapacidades en la participaci\u00f3n de actividades como el uso de productos, servicios e informaci\u00f3n. En la parte superior del portal hay una barra de accesibilidad con atajos de navegaci\u00f3n estandarizados y la [&hellip;]\" \/>\n<meta property=\"og:url\" content=\"https:\/\/www.compliance.intercement.com\/es\/acessibilidade\/\" \/>\n<meta property=\"og:site_name\" content=\"Intercement Integridade e Compliance\" \/>\n<meta property=\"article:modified_time\" content=\"2021-12-14T20:30:34+00:00\" \/>\n<meta name=\"twitter:card\" content=\"summary_large_image\" \/>\n<meta name=\"twitter:label1\" content=\"Tiempo de lectura\" \/>\n\t<meta name=\"twitter:data1\" content=\"1 minuto\" \/>\n<script type=\"application\/ld+json\" class=\"yoast-schema-graph\">{\"@context\":\"https:\/\/schema.org\",\"@graph\":[{\"@type\":\"WebSite\",\"@id\":\"https:\/\/www.compliance.intercement.com\/es\/#website\",\"url\":\"https:\/\/www.compliance.intercement.com\/es\/\",\"name\":\"Intercement Integridade e Compliance\",\"description\":\"\",\"potentialAction\":[{\"@type\":\"SearchAction\",\"target\":{\"@type\":\"EntryPoint\",\"urlTemplate\":\"https:\/\/www.compliance.intercement.com\/es\/?s={search_term_string}\"},\"query-input\":\"required name=search_term_string\"}],\"inLanguage\":\"es\"},{\"@type\":\"WebPage\",\"@id\":\"https:\/\/www.compliance.intercement.com\/es\/acessibilidade\/#webpage\",\"url\":\"https:\/\/www.compliance.intercement.com\/es\/acessibilidade\/\",\"name\":\"Accesibilidad - Intercement Integridade e Compliance\",\"isPartOf\":{\"@id\":\"https:\/\/www.compliance.intercement.com\/es\/#website\"},\"datePublished\":\"2021-12-14T19:27:15+00:00\",\"dateModified\":\"2021-12-14T20:30:34+00:00\",\"breadcrumb\":{\"@id\":\"https:\/\/www.compliance.intercement.com\/es\/acessibilidade\/#breadcrumb\"},\"inLanguage\":\"es\",\"potentialAction\":[{\"@type\":\"ReadAction\",\"target\":[\"https:\/\/www.compliance.intercement.com\/es\/acessibilidade\/\"]}]},{\"@type\":\"BreadcrumbList\",\"@id\":\"https:\/\/www.compliance.intercement.com\/es\/acessibilidade\/#breadcrumb\",\"itemListElement\":[{\"@type\":\"ListItem\",\"position\":1,\"name\":\"In\\u00edcio\",\"item\":\"https:\/\/www.compliance.intercement.com\/es\/\"},{\"@type\":\"ListItem\",\"position\":2,\"name\":\"Accesibilidad\"}]}]}<\/script>\n<!-- \/ Yoast SEO plugin. -->","yoast_head_json":{"title":"Accesibilidad - Intercement Integridade e Compliance","robots":{"index":"index","follow":"follow","max-snippet":"max-snippet:-1","max-image-preview":"max-image-preview:large","max-video-preview":"max-video-preview:-1"},"canonical":"https:\/\/www.compliance.intercement.com\/es\/acessibilidade\/","og_locale":"es_ES","og_type":"article","og_title":"Accesibilidad - Intercement Integridade e Compliance","og_description":"Este portal sigue las principales recomendaciones de accesibilidad de la WCAG (Web Content Accessibility Guidelines). El t\u00e9rmino accesibilidad significa incluir a personas con discapacidades en la participaci\u00f3n de actividades como el uso de productos, servicios e informaci\u00f3n. En la parte superior del portal hay una barra de accesibilidad con atajos de navegaci\u00f3n estandarizados y la [&hellip;]","og_url":"https:\/\/www.compliance.intercement.com\/es\/acessibilidade\/","og_site_name":"Intercement Integridade e Compliance","article_modified_time":"2021-12-14T20:30:34+00:00","twitter_card":"summary_large_image","twitter_misc":{"Tiempo de lectura":"1 minuto"},"schema":{"@context":"https:\/\/schema.org","@graph":[{"@type":"WebSite","@id":"https:\/\/www.compliance.intercement.com\/es\/#website","url":"https:\/\/www.compliance.intercement.com\/es\/","name":"Intercement Integridade e Compliance","description":"","potentialAction":[{"@type":"SearchAction","target":{"@type":"EntryPoint","urlTemplate":"https:\/\/www.compliance.intercement.com\/es\/?s={search_term_string}"},"query-input":"required name=search_term_string"}],"inLanguage":"es"},{"@type":"WebPage","@id":"https:\/\/www.compliance.intercement.com\/es\/acessibilidade\/#webpage","url":"https:\/\/www.compliance.intercement.com\/es\/acessibilidade\/","name":"Accesibilidad - Intercement Integridade e Compliance","isPartOf":{"@id":"https:\/\/www.compliance.intercement.com\/es\/#website"},"datePublished":"2021-12-14T19:27:15+00:00","dateModified":"2021-12-14T20:30:34+00:00","breadcrumb":{"@id":"https:\/\/www.compliance.intercement.com\/es\/acessibilidade\/#breadcrumb"},"inLanguage":"es","potentialAction":[{"@type":"ReadAction","target":["https:\/\/www.compliance.intercement.com\/es\/acessibilidade\/"]}]},{"@type":"BreadcrumbList","@id":"https:\/\/www.compliance.intercement.com\/es\/acessibilidade\/#breadcrumb","itemListElement":[{"@type":"ListItem","position":1,"name":"In\u00edcio","item":"https:\/\/www.compliance.intercement.com\/es\/"},{"@type":"ListItem","position":2,"name":"Accesibilidad"}]}]}},"_links":{"self":[{"href":"https:\/\/www.compliance.intercement.com\/es\/wp-json\/wp\/v2\/pages\/516","targetHints":{"allow":["GET"]}}],"collection":[{"href":"https:\/\/www.compliance.intercement.com\/es\/wp-json\/wp\/v2\/pages"}],"about":[{"href":"https:\/\/www.compliance.intercement.com\/es\/wp-json\/wp\/v2\/types\/page"}],"author":[{"embeddable":true,"href":"https:\/\/www.compliance.intercement.com\/es\/wp-json\/wp\/v2\/users\/5"}],"replies":[{"embeddable":true,"href":"https:\/\/www.compliance.intercement.com\/es\/wp-json\/wp\/v2\/comments?post=516"}],"version-history":[{"count":4,"href":"https:\/\/www.compliance.intercement.com\/es\/wp-json\/wp\/v2\/pages\/516\/revisions"}],"predecessor-version":[{"id":554,"href":"https:\/\/www.compliance.intercement.com\/es\/wp-json\/wp\/v2\/pages\/516\/revisions\/554"}],"wp:attachment":[{"href":"https:\/\/www.compliance.intercement.com\/es\/wp-json\/wp\/v2\/media?parent=516"}],"curies":[{"name":"wp","href":"https:\/\/api.w.org\/{rel}","templated":true}]}}